{"id":73,"date":"2024-03-26T12:36:01","date_gmt":"2024-03-26T16:36:01","guid":{"rendered":"https:\/\/rdmslatam.vlired.cu\/?page_id=73"},"modified":"2024-03-26T12:36:01","modified_gmt":"2024-03-26T16:36:01","slug":"descripcion","status":"publish","type":"page","link":"https:\/\/rdmslatam.vlired.cu\/?page_id=73","title":{"rendered":"Descripcion"},"content":{"rendered":"\n<p><strong>TITULO del PROYECTO: Desarrollo de una Estrategia para la Gesti\u00f3n de Datos de Investigaci\u00f3n en la Educaci\u00f3n Superior e Instituciones Cient\u00edficas dentro del contexto Latinoamericano<\/strong><\/p>\n\n\n\n<p>La Gesti\u00f3n de Datos de Investigaci\u00f3n (RDM) se basa en los llamados Principios FAIR de Datos, cuyo objetivo fundamental es hacer que los datos cient\u00edficos sean libremente localizables, accesibles, interoperables y reutilizables, fomentando as\u00ed<\/p>\n\n\n\n<p>(1) la colaboraci\u00f3n entre investigadores,<\/p>\n\n\n\n<p>(2) la g\u00e9nesis de nuevas investigaciones, y<\/p>\n\n\n\n<p>(3) la socializaci\u00f3n del conocimiento.<\/p>\n\n\n\n<p>La adopci\u00f3n de estos principios para la gesti\u00f3n de datos en las instituciones se ha convertido ya en la norma de buenas pr\u00e1cticas de RDM. El objetivo principal de este proyecto es desarrollar capacidades para promover la adopci\u00f3n de buenas pr\u00e1cticas de Gesti\u00f3n de Datos de Investigaci\u00f3n en instituciones de educaci\u00f3n superior cubanas, peruanas y bolivianas, contribuyendo tambi\u00e9n al perfeccionamiento de este tema en el contexto latinoamericano.<\/p>\n\n\n\n<p><strong>OBJETIVO GENERAL<\/strong><\/p>\n\n\n\n<p>Desarrollar capacidades para adoptar buenas pr\u00e1cticas sobre Gesti\u00f3n de Datos de Investigaci\u00f3n en el contexto latinoamericano.<\/p>\n\n\n\n<p><strong>OBJETIVOS ESPEC\u00cdFICOS:<\/strong><\/p>\n\n\n\n<ul class=\"wp-block-list\">\n<li>Desarrollar modelos y pol\u00edticas para Gesti\u00f3n de Datos de Investigaci\u00f3n en universidades e instituciones de investigaci\u00f3n.<\/li>\n\n\n\n<li>Implementar servicios o herramientas basados en est\u00e1ndares que posibiliten la interoperabilidad (t\u00e9cnica, sem\u00e1ntica, organizacional y legal), as\u00ed como el intercambio de datos.<\/li>\n\n\n\n<li>Determinar par\u00e1metros para el monitoreo de las pr\u00e1cticas de Gesti\u00f3n de Datos de Investigaci\u00f3n y el empleo de estos en los Sistemas de Informaci\u00f3n sobre la Investigaci\u00f3n.<\/li>\n\n\n\n<li>Desarrollar e implementar una estrategia para la incorporaci\u00f3n de Buenas Pr\u00e1cticas de Gesti\u00f3n de Datos de Investigaci\u00f3n en el proceso investigativo.<\/li>\n<\/ul>\n\n\n\n<p><strong>PRINCIPALES CONTRIBUCIONES RDMS-LATAM<\/strong><\/p>\n\n\n\n<ul class=\"wp-block-list\">\n<li>Formaci\u00f3n de personal con las habilidades y competencias requeridas para desarrollar una \u00f3ptima gesti\u00f3n de datos de investigaci\u00f3n, as\u00ed como para capacitar a otros en este tema.<\/li>\n\n\n\n<li>Desarrollo de una pol\u00edtica y modelos para la gesti\u00f3n de datos de investigaci\u00f3n en instituciones cient\u00edficas y de la educaci\u00f3n superior.<\/li>\n\n\n\n<li><a><\/a> Servicios de y para la Gesti\u00f3n de Datos de investigaci\u00f3n basados en est\u00e1ndares que posibiliten la interoperabilidad (t\u00e9cnica, sem\u00e1ntica, organizacional y legal), as\u00ed como el intercambio de datos.<\/li>\n\n\n\n<li>Par\u00e1metros para el monitoreo de las pr\u00e1cticas de Gesti\u00f3n de Datos de investigaci\u00f3n y el empleo de estos en los Sistemas de Informaci\u00f3n sobre la Investigaci\u00f3n.<\/li>\n\n\n\n<li>Cursos de pre y posgrado sobre Gesti\u00f3n de Datos de Investigaci\u00f3n.<\/li>\n\n\n\n<li>Establecimiento de una red de colaboraci\u00f3n entre instituciones de Cuba, Per\u00fa, Bolivia y B\u00e9lgica para el desarrollo de investigaciones conjuntas sobre la Gesti\u00f3n de Datos de investigaci\u00f3n.<\/li>\n<\/ul>\n\n\n\n<p><strong>UNIVERSIDADES Y PAISES PARTICIPANTES<\/strong><\/p>\n\n\n\n<ul class=\"wp-block-list\">\n<li>Universidad Hasselt. B\u00e9lgica<\/li>\n\n\n\n<li>Universidad Central \u201cMarta Abreu\u201d de Las Villas. Cuba<\/li>\n\n\n\n<li>Universidad de Cienfuegos \u201cCarlos Rafael Rodr\u00edguez\u201d. Cuba<\/li>\n\n\n\n<li>Universidad Nacional Mayor de San Marcos. Per\u00fa<\/li>\n\n\n\n<li>Universidad Cat\u00f3lica Boliviana \u201cSan Pablo\u201d. Bolivia<\/li>\n<\/ul>\n\n\n\n<p><strong>COORDINADORES GENERAL DEL PROYECTO<\/strong><\/p>\n\n\n\n<ul class=\"wp-block-list\">\n<li>Sadia Vancauwenbergh<\/li>\n\n\n\n<li>Manuel Osvaldo Machado Rivero<\/li>\n<\/ul>\n","protected":false},"excerpt":{"rendered":"<p>TITULO del PROYECTO: Desarrollo de una Estrategia para la Gesti\u00f3n de Datos de Investigaci\u00f3n en la Educaci\u00f3n Superior e Instituciones Cient\u00edficas dentro del contexto Latinoamericano La Gesti\u00f3n de Datos de Investigaci\u00f3n (RDM) se basa en los llamados Principios FAIR de Datos, cuyo objetivo fundamental es hacer que los datos cient\u00edficos sean libremente localizables, accesibles, interoperables [&hellip;]<\/p>\n","protected":false},"author":1,"featured_media":0,"parent":0,"menu_order":0,"comment_status":"closed","ping_status":"closed","template":"","meta":{"ocean_post_layout":"","ocean_both_sidebars_style":"","ocean_both_sidebars_content_width":0,"ocean_both_sidebars_sidebars_width":0,"ocean_sidebar":"","ocean_second_sidebar":"","ocean_disable_margins":"enable","ocean_add_body_class":"","ocean_shortcode_before_top_bar":"","ocean_shortcode_after_top_bar":"","ocean_shortcode_before_header":"","ocean_shortcode_after_header":"","ocean_has_shortcode":"","ocean_shortcode_after_title":"","ocean_shortcode_before_footer_widgets":"","ocean_shortcode_after_footer_widgets":"","ocean_shortcode_before_footer_bottom":"","ocean_shortcode_after_footer_bottom":"","ocean_display_top_bar":"default","ocean_display_header":"default","ocean_header_style":"","ocean_center_header_left_menu":"","ocean_custom_header_template":"","ocean_custom_logo":0,"ocean_custom_retina_logo":0,"ocean_custom_logo_max_width":0,"ocean_custom_logo_tablet_max_width":0,"ocean_custom_logo_mobile_max_width":0,"ocean_custom_logo_max_height":0,"ocean_custom_logo_tablet_max_height":0,"ocean_custom_logo_mobile_max_height":0,"ocean_header_custom_menu":"","ocean_menu_typo_font_family":"","ocean_menu_typo_font_subset":"","ocean_menu_typo_font_size":0,"ocean_menu_typo_font_size_tablet":0,"ocean_menu_typo_font_size_mobile":0,"ocean_menu_typo_font_size_unit":"px","ocean_menu_typo_font_weight":"","ocean_menu_typo_font_weight_tablet":"","ocean_menu_typo_font_weight_mobile":"","ocean_menu_typo_transform":"","ocean_menu_typo_transform_tablet":"","ocean_menu_typo_transform_mobile":"","ocean_menu_typo_line_height":0,"ocean_menu_typo_line_height_tablet":0,"ocean_menu_typo_line_height_mobile":0,"ocean_menu_typo_line_height_unit":"","ocean_menu_typo_spacing":0,"ocean_menu_typo_spacing_tablet":0,"ocean_menu_typo_spacing_mobile":0,"ocean_menu_typo_spacing_unit":"","ocean_menu_link_color":"","ocean_menu_link_color_hover":"","ocean_menu_link_color_active":"","ocean_menu_link_background":"","ocean_menu_link_hover_background":"","ocean_menu_link_active_background":"","ocean_menu_social_links_bg":"","ocean_menu_social_hover_links_bg":"","ocean_menu_social_links_color":"","ocean_menu_social_hover_links_color":"","ocean_disable_title":"default","ocean_disable_heading":"default","ocean_post_title":"","ocean_post_subheading":"","ocean_post_title_style":"","ocean_post_title_background_color":"","ocean_post_title_background":0,"ocean_post_title_bg_image_position":"","ocean_post_title_bg_image_attachment":"","ocean_post_title_bg_image_repeat":"","ocean_post_title_bg_image_size":"","ocean_post_title_height":0,"ocean_post_title_bg_overlay":0.5,"ocean_post_title_bg_overlay_color":"","ocean_disable_breadcrumbs":"default","ocean_breadcrumbs_color":"","ocean_breadcrumbs_separator_color":"","ocean_breadcrumbs_links_color":"","ocean_breadcrumbs_links_hover_color":"","ocean_display_footer_widgets":"default","ocean_display_footer_bottom":"default","ocean_custom_footer_template":"","footnotes":""},"class_list":["post-73","page","type-page","status-publish","hentry","entry"],"rttpg_featured_image_url":null,"rttpg_author":{"display_name":"cpalacios","author_link":"https:\/\/rdmslatam.vlired.cu\/?author=1"},"rttpg_comment":0,"rttpg_category":null,"rttpg_excerpt":"TITULO del PROYECTO: Desarrollo de una Estrategia para la Gesti\u00f3n de Datos de Investigaci\u00f3n en la Educaci\u00f3n Superior e Instituciones Cient\u00edficas dentro del contexto Latinoamericano La Gesti\u00f3n de Datos de Investigaci\u00f3n (RDM) se basa en los llamados Principios FAIR de Datos, cuyo objetivo fundamental es hacer que los datos cient\u00edficos sean libremente localizables, accesibles, interoperables&hellip;","_links":{"self":[{"href":"https:\/\/rdmslatam.vlired.cu\/index.php?rest_route=\/wp\/v2\/pages\/73","targetHints":{"allow":["GET"]}}],"collection":[{"href":"https:\/\/rdmslatam.vlired.cu\/index.php?rest_route=\/wp\/v2\/pages"}],"about":[{"href":"https:\/\/rdmslatam.vlired.cu\/index.php?rest_route=\/wp\/v2\/types\/page"}],"author":[{"embeddable":true,"href":"https:\/\/rdmslatam.vlired.cu\/index.php?rest_route=\/wp\/v2\/users\/1"}],"replies":[{"embeddable":true,"href":"https:\/\/rdmslatam.vlired.cu\/index.php?rest_route=%2Fwp%2Fv2%2Fcomments&post=73"}],"version-history":[{"count":1,"href":"https:\/\/rdmslatam.vlired.cu\/index.php?rest_route=\/wp\/v2\/pages\/73\/revisions"}],"predecessor-version":[{"id":74,"href":"https:\/\/rdmslatam.vlired.cu\/index.php?rest_route=\/wp\/v2\/pages\/73\/revisions\/74"}],"wp:attachment":[{"href":"https:\/\/rdmslatam.vlired.cu\/index.php?rest_route=%2Fwp%2Fv2%2Fmedia&parent=73"}],"curies":[{"name":"wp","href":"https:\/\/api.w.org\/{rel}","templated":true}]}}